{"id":1118,"date":"2024-03-03T14:17:22","date_gmt":"2024-03-03T13:17:22","guid":{"rendered":"https:\/\/pit-kl.de\/?page_id=1118"},"modified":"2024-03-03T14:36:02","modified_gmt":"2024-03-03T13:36:02","slug":"ergebnisse","status":"publish","type":"page","link":"https:\/\/pit-kl.de\/index.php\/ergebnisse\/","title":{"rendered":"Ergebnisse"},"content":{"rendered":"<p>[et_pb_section fb_built=&#8220;1&#8243; custom_padding_last_edited=&#8220;on|phone&#8220; _builder_version=&#8220;4.21.2&#8243; _module_preset=&#8220;default&#8220; custom_padding=&#8220;150px||||false|false&#8220; custom_padding_tablet=&#8220;250px||||false|false&#8220; custom_padding_phone=&#8220;200px||||false|false&#8220; hover_enabled=&#8220;0&#8243; global_colors_info=&#8220;{}&#8220; sticky_enabled=&#8220;0&#8243; title_text=&#8220;FirstSectionBg&#8220; background_image=&#8220;https:\/\/pit-kl.de\/wp-content\/uploads\/2023\/08\/FirstSectionBg-1.jpg&#8220; background_repeat=&#8220;repeat&#8220; background_blend=&#8220;lighten&#8220; background_color=&#8220;rgba(255,255,255,0.73)&#8220;][et_pb_row _builder_version=&#8220;4.21.2&#8243; _module_preset=&#8220;default&#8220; global_colors_info=&#8220;{}&#8220;][et_pb_column type=&#8220;4_4&#8243; _builder_version=&#8220;4.21.2&#8243; _module_preset=&#8220;default&#8220; global_colors_info=&#8220;{}&#8220;][et_pb_text _builder_version=&#8220;4.21.2&#8243; _module_preset=&#8220;default&#8220; hover_enabled=&#8220;0&#8243; global_colors_info=&#8220;{}&#8220; sticky_enabled=&#8220;0&#8243;]<\/p>\n<h2>Ergebnisse<\/h2>\n<p>[\/et_pb_text][et_pb_button button_text=&#8220;Steckbrief Ergebnisverwertung PDF&#8220; _builder_version=&#8220;4.21.2&#8243; _module_preset=&#8220;default&#8220; custom_button=&#8220;on&#8220; button_text_color=&#8220;#716081&#8243; hover_enabled=&#8220;0&#8243; sticky_enabled=&#8220;0&#8243; button_url=&#8220;https:\/\/pit-kl.de\/wp-content\/uploads\/2024\/03\/20230213_PIT23_Steckbrief_Ergebnisverwertung.pdf&#8220; _dynamic_attributes=&#8220;button_url&#8220; url_new_window=&#8220;on&#8220;][\/et_pb_button][et_pb_button button_text=&#8220;Ergebnissmappe PDF&#8220; _builder_version=&#8220;4.21.2&#8243; _module_preset=&#8220;default&#8220; custom_button=&#8220;on&#8220; button_text_color=&#8220;#716081&#8243; hover_enabled=&#8220;0&#8243; sticky_enabled=&#8220;0&#8243; button_url=&#8220;https:\/\/pit-kl.de\/wp-content\/uploads\/2024\/03\/20230116_PIT23_Ergebnissmappe.pdf&#8220; url_new_window=&#8220;on&#8220;][\/et_pb_button][et_pb_button button_text=&#8220;Nachhaltigkeitskonzept PDF&#8220; _builder_version=&#8220;4.21.2&#8243; _module_preset=&#8220;default&#8220; custom_button=&#8220;on&#8220; button_text_color=&#8220;#716081&#8243; hover_enabled=&#8220;0&#8243; sticky_enabled=&#8220;0&#8243; button_url=&#8220;https:\/\/pit-kl.de\/wp-content\/uploads\/2024\/03\/20230213_PIT23_Nachhaltigkeitskonzept.pdf&#8220; url_new_window=&#8220;on&#8220;][\/et_pb_button][et_pb_button button_text=&#8220;Awarenesskonzept PDF&#8220; _builder_version=&#8220;4.21.2&#8243; _module_preset=&#8220;default&#8220; custom_button=&#8220;on&#8220; button_text_color=&#8220;#716081&#8243; hover_enabled=&#8220;0&#8243; sticky_enabled=&#8220;0&#8243; button_url=&#8220;https:\/\/pit-kl.de\/wp-content\/uploads\/2024\/03\/20230213_PIT23_Awarenesskonzept.pdf&#8220; url_new_window=&#8220;on&#8220;][\/et_pb_button][et_pb_text _builder_version=&#8220;4.21.2&#8243; _module_preset=&#8220;default&#8220; hover_enabled=&#8220;0&#8243; sticky_enabled=&#8220;0&#8243;]<\/p>\n<p>F\u00fcr weiterf\u00fchrende Informationen zu durchgef\u00fchrten Workshops und Exkursionen, k\u00f6nnen Sie uns gerne eine E-Mail an <a href=\"mailto:fachschaft@ru.uni-kl.de\">fachschaft@ru.uni-kl.de<\/a> senden.<\/p>\n<p>[\/et_pb_text][\/et_pb_column][\/et_pb_row][\/et_pb_section]<\/p>\n","protected":false},"excerpt":{"rendered":"<p>ErgebnisseF\u00fcr weiterf\u00fchrende Informationen zu durchgef\u00fchrten Workshops und Exkursionen, k\u00f6nnen Sie uns gerne eine E-Mail an fachschaft@ru.uni-kl.de senden.<\/p>\n","protected":false},"author":1,"featured_media":0,"parent":0,"menu_order":0,"comment_status":"closed","ping_status":"closed","template":"","meta":{"_et_pb_use_builder":"on","_et_pb_old_content":"","_et_gb_content_width":"","footnotes":""},"class_list":["post-1118","page","type-page","status-publish","hentry"],"_links":{"self":[{"href":"https:\/\/pit-kl.de\/index.php\/wp-json\/wp\/v2\/pages\/1118","targetHints":{"allow":["GET"]}}],"collection":[{"href":"https:\/\/pit-kl.de\/index.php\/wp-json\/wp\/v2\/pages"}],"about":[{"href":"https:\/\/pit-kl.de\/index.php\/wp-json\/wp\/v2\/types\/page"}],"author":[{"embeddable":true,"href":"https:\/\/pit-kl.de\/index.php\/wp-json\/wp\/v2\/users\/1"}],"replies":[{"embeddable":true,"href":"https:\/\/pit-kl.de\/index.php\/wp-json\/wp\/v2\/comments?post=1118"}],"version-history":[{"count":7,"href":"https:\/\/pit-kl.de\/index.php\/wp-json\/wp\/v2\/pages\/1118\/revisions"}],"predecessor-version":[{"id":1137,"href":"https:\/\/pit-kl.de\/index.php\/wp-json\/wp\/v2\/pages\/1118\/revisions\/1137"}],"wp:attachment":[{"href":"https:\/\/pit-kl.de\/index.php\/wp-json\/wp\/v2\/media?parent=1118"}],"curies":[{"name":"wp","href":"https:\/\/api.w.org\/{rel}","templated":true}]}}