{"id":2,"date":"2023-08-09T11:20:43","date_gmt":"2023-08-09T09:20:43","guid":{"rendered":"http:\/\/192.168.0.135\/?page_id=2"},"modified":"2024-03-03T14:41:16","modified_gmt":"2024-03-03T13:41:16","slug":"beispiel-seite","status":"publish","type":"page","link":"https:\/\/pit-kl.de\/","title":{"rendered":"Landing Page"},"content":{"rendered":"<p>[et_pb_section fb_built=&#8220;1&#8243; admin_label=&#8220;section&#8220; _builder_version=&#8220;4.21.2&#8243; background_image=&#8220;https:\/\/pit-kl.de\/wp-content\/uploads\/2023\/08\/FirstSectionBG.jpg&#8220; background_position=&#8220;bottom_center&#8220; custom_margin=&#8220;||||false|false&#8220; custom_margin_tablet=&#8220;||||false|false&#8220; custom_margin_phone=&#8220;||||true|false&#8220; custom_margin_last_edited=&#8220;on|phone&#8220; custom_padding=&#8220;||||true|false&#8220; global_colors_info=&#8220;{}&#8220;][et_pb_row column_structure=&#8220;1_3,1_3,1_3&#8243; make_equal=&#8220;on&#8220; _builder_version=&#8220;4.21.2&#8243; _module_preset=&#8220;default&#8220; custom_margin=&#8220;166px||||false|false&#8220; custom_margin_tablet=&#8220;166px||||false|false&#8220; custom_margin_phone=&#8220;70px||||false|false&#8220; custom_margin_last_edited=&#8220;on|phone&#8220; global_colors_info=&#8220;{}&#8220;][et_pb_column type=&#8220;1_3&#8243; module_class=&#8220;LandingCard&#8220; _builder_version=&#8220;4.21.2&#8243; _module_preset=&#8220;default&#8220; background_color=&#8220;#716081&#8243; custom_css_main_element=&#8220;display: grid;||grid-template-columns: repeat(2, minmax(0, 1fr));&#8220; border_radii=&#8220;on|18px|18px|18px|18px&#8220; global_colors_info=&#8220;{}&#8220;][et_pb_text _builder_version=&#8220;4.21.2&#8243; _module_preset=&#8220;default&#8220; text_font=&#8220;|||on|||||&#8220; text_text_color=&#8220;#FFFFFF&#8220; text_font_size=&#8220;2.4vw&#8220; use_background_color_gradient=&#8220;on&#8220; background_color_gradient_stops=&#8220;rgba(10,1,1,0) 33%|rgba(10,2,2,0.66) 100%&#8220; background_image=&#8220;https:\/\/pit-kl.de\/wp-content\/uploads\/2023\/10\/Bild_L.1.a.png&#8220; background_blend=&#8220;darken&#8220; positioning=&#8220;relative&#8220; text_orientation=&#8220;center&#8220; custom_margin=&#8220;0px||0px||true|false&#8220; custom_padding=&#8220;9vw||5vw||false|false&#8220; custom_padding_tablet=&#8220;11vw||9vw||false|false&#8220; custom_padding_phone=&#8220;23vw||17vw||false|false&#8220; custom_padding_last_edited=&#8220;on|phone&#8220; text_font_size_tablet=&#8220;6vw&#8220; text_font_size_phone=&#8220;8vw&#8220; text_font_size_last_edited=&#8220;on|phone&#8220; custom_css_main_element=&#8220;grid-column: span 2&#8243; custom_css_after=&#8220;position: absolute;||content: %22%22;||   width: 0px;||   height: 0px;||bottom: 0px;||left: 0px;||   border-style: solid;||   border-width: 0 0 200px 100vw;||   border-color: transparent transparent #716081 transparent;&#8220; global_colors_info=&#8220;{}&#8220; custom_css_after_last_edited=&#8220;on|phone&#8220; custom_css_after_tablet=&#8220;position: absolute;||content: %22%22;||   width: 0px;||   height: 0px;||bottom: 0px;||left: 0px;||   border-style: solid;||   border-width: 0 0 50px 100vw;||   border-color: transparent transparent #716081 transparent;&#8220; custom_css_after_phone=&#8220;position: absolute;||content: %22%22;||   width: 0px;||   height: 0px;||bottom: 0px;||left: 0px;||   border-style: solid;||   border-width: 0 0 50px 100vw;||   border-color: transparent transparent #716081 transparent;&#8220;]<\/p>\n<p>P:IT &amp; BFSR<\/p>\n<p>[\/et_pb_text][et_pb_button button_url=&#8220;\/#pit&#8220; button_text=&#8220;Zum P:IT&#8220; button_alignment=&#8220;center&#8220; _builder_version=&#8220;4.21.2&#8243; _module_preset=&#8220;default&#8220; custom_button=&#8220;on&#8220; button_text_color=&#8220;#716081&#8243; button_bg_color=&#8220;#FFFFFF&#8220; button_border_radius=&#8220;100px&#8220; custom_margin=&#8220;20px||20px||true|false&#8220; custom_padding=&#8220;4px||4px||true|false&#8220; global_colors_info=&#8220;{}&#8220;][\/et_pb_button][et_pb_button button_url=&#8220;\/#bfsr&#8220; button_text=&#8220;Zum BFSR&#8220; button_alignment=&#8220;center&#8220; admin_label=&#8220;Button&#8220; _builder_version=&#8220;4.21.2&#8243; _module_preset=&#8220;default&#8220; custom_button=&#8220;on&#8220; button_text_color=&#8220;#716081&#8243; button_bg_color=&#8220;#FFFFFF&#8220; button_border_radius=&#8220;100px&#8220; custom_margin=&#8220;20px||20px||true|false&#8220; custom_padding=&#8220;4px||4px||true|false&#8220; global_colors_info=&#8220;{}&#8220;][\/et_pb_button][\/et_pb_column][et_pb_column type=&#8220;1_3&#8243; module_class=&#8220;LandingCard&#8220; _builder_version=&#8220;4.21.2&#8243; _module_preset=&#8220;default&#8220; background_color=&#8220;#716081&#8243; border_radii=&#8220;on|18px|18px|18px|18px&#8220; global_colors_info=&#8220;{}&#8220;][et_pb_text _builder_version=&#8220;4.21.2&#8243; _module_preset=&#8220;default&#8220; text_font=&#8220;|||on|||||&#8220; text_text_color=&#8220;#FFFFFF&#8220; text_font_size=&#8220;2.4vw&#8220; use_background_color_gradient=&#8220;on&#8220; background_color_gradient_stops=&#8220;rgba(10,1,1,0) 33%|rgba(10,2,2,0.66) 100%&#8220; background_image=&#8220;https:\/\/pit-kl.de\/wp-content\/uploads\/2023\/08\/ThirdCard.jpg&#8220; background_blend=&#8220;darken&#8220; positioning=&#8220;relative&#8220; text_orientation=&#8220;center&#8220; custom_margin=&#8220;0px||0px||true|false&#8220; custom_padding=&#8220;9vw||5vw||false|false&#8220; custom_padding_tablet=&#8220;11vw||9vw||false|false&#8220; custom_padding_phone=&#8220;23vw||17vw||false|false&#8220; custom_padding_last_edited=&#8220;on|phone&#8220; text_font_size_tablet=&#8220;6vw&#8220; text_font_size_phone=&#8220;8vw&#8220; text_font_size_last_edited=&#8220;on|phone&#8220; custom_css_main_element=&#8220;grid-column: span 2&#8243; custom_css_after=&#8220;position: absolute;||content: %22%22;||   width: 0px;||   height: 0px;||bottom: 0px;||left: 0px;||   border-style: solid;||   border-width: 0 0 200px 100vw;||   border-color: transparent transparent #716081 transparent;&#8220; global_colors_info=&#8220;{}&#8220; custom_css_after_last_edited=&#8220;on|phone&#8220; custom_css_after_tablet=&#8220;position: absolute;||content: %22%22;||   width: 0px;||   height: 0px;||bottom: 0px;||left: 0px;||   border-style: solid;||   border-width: 0 0 50px 100vw;||   border-color: transparent transparent #716081 transparent;&#8220; custom_css_after_phone=&#8220;position: absolute;||content: %22%22;||   width: 0px;||   height: 0px;||bottom: 0px;||left: 0px;||   border-style: solid;||   border-width: 0 0 50px 100vw;||   border-color: transparent transparent #716081 transparent;&#8220;]<\/p>\n<p>Ergebnisse<\/p>\n<p>[\/et_pb_text][et_pb_button button_url=&#8220;@ET-DC@eyJkeW5hbWljIjp0cnVlLCJjb250ZW50IjoicG9zdF9saW5rX3VybF9wYWdlIiwic2V0dGluZ3MiOnsicG9zdF9pZCI6IjExMTgifX0=@&#8220; button_text=&#8220;Ergebnisse&#8220; button_alignment=&#8220;center&#8220; _builder_version=&#8220;4.21.2&#8243; _dynamic_attributes=&#8220;button_url&#8220; _module_preset=&#8220;default&#8220; custom_button=&#8220;on&#8220; button_text_color=&#8220;#716081&#8243; button_bg_color=&#8220;#FFFFFF&#8220; button_border_radius=&#8220;100px&#8220; custom_margin=&#8220;20px||20px||true|false&#8220; custom_padding=&#8220;4px||4px||true|false&#8220; hover_enabled=&#8220;0&#8243; global_colors_info=&#8220;{}&#8220; sticky_enabled=&#8220;0&#8243;][\/et_pb_button][\/et_pb_column][et_pb_column type=&#8220;1_3&#8243; module_class=&#8220;LandingCard&#8220; _builder_version=&#8220;4.21.2&#8243; _module_preset=&#8220;default&#8220; background_color=&#8220;#716081&#8243; border_radii=&#8220;on|18px|18px|18px|18px&#8220; global_colors_info=&#8220;{}&#8220;][et_pb_text _builder_version=&#8220;4.21.2&#8243; _module_preset=&#8220;default&#8220; text_font=&#8220;|||on|||||&#8220; text_text_color=&#8220;#FFFFFF&#8220; text_font_size=&#8220;2.4vw&#8220; use_background_color_gradient=&#8220;on&#8220; background_color_gradient_stops=&#8220;rgba(10,1,1,0) 33%|rgba(10,2,2,0.66) 100%&#8220; background_image=&#8220;https:\/\/pit-kl.de\/wp-content\/uploads\/2023\/08\/AwarenessHeaderLogoMobile-512&#215;512-1.png&#8220; background_position=&#8220;top_center&#8220; background_blend=&#8220;darken&#8220; positioning=&#8220;relative&#8220; text_orientation=&#8220;center&#8220; custom_margin=&#8220;0px||0px||true|false&#8220; custom_padding=&#8220;9vw||5vw||false|false&#8220; custom_padding_tablet=&#8220;11vw||9vw||false|false&#8220; custom_padding_phone=&#8220;23vw||17vw||false|false&#8220; custom_padding_last_edited=&#8220;on|phone&#8220; text_font_size_tablet=&#8220;6vw&#8220; text_font_size_phone=&#8220;8vw&#8220; text_font_size_last_edited=&#8220;on|phone&#8220; custom_css_main_element=&#8220;grid-column: span 2&#8243; custom_css_after=&#8220;position: absolute;||content: %22%22;||   width: 0px;||   height: 0px;||bottom: 0px;||left: 0px;||   border-style: solid;||   border-width: 0 0 200px 100vw;||   border-color: transparent transparent #716081 transparent;&#8220; global_colors_info=&#8220;{}&#8220; custom_css_after_last_edited=&#8220;on|phone&#8220; custom_css_after_tablet=&#8220;position: absolute;||content: %22%22;||   width: 0px;||   height: 0px;||bottom: 0px;||left: 0px;||   border-style: solid;||   border-width: 0 0 50px 100vw;||   border-color: transparent transparent #716081 transparent;&#8220; custom_css_after_phone=&#8220;position: absolute;||content: %22%22;||   width: 0px;||   height: 0px;||bottom: 0px;||left: 0px;||   border-style: solid;||   border-width: 0 0 50px 100vw;||   border-color: transparent transparent #716081 transparent;&#8220;]<\/p>\n<p>Awareness<\/p>\n<p>[\/et_pb_text][et_pb_button button_url=&#8220;@ET-DC@eyJkeW5hbWljIjp0cnVlLCJjb250ZW50IjoicG9zdF9saW5rX3VybF9wYWdlIiwic2V0dGluZ3MiOnsicG9zdF9pZCI6IjcwOSJ9fQ==@&#8220; button_text=&#8220;Awareness&#8220; button_alignment=&#8220;center&#8220; _builder_version=&#8220;4.21.2&#8243; _dynamic_attributes=&#8220;button_url&#8220; _module_preset=&#8220;default&#8220; custom_button=&#8220;on&#8220; button_text_color=&#8220;#716081&#8243; button_bg_color=&#8220;#FFFFFF&#8220; button_border_radius=&#8220;100px&#8220; custom_margin=&#8220;20px||20px||true|false&#8220; custom_padding=&#8220;4px||4px||true|false&#8220; global_colors_info=&#8220;{}&#8220;][\/et_pb_button][\/et_pb_column][\/et_pb_row][\/et_pb_section][et_pb_section fb_built=&#8220;1&#8243; admin_label=&#8220;section&#8220; module_id=&#8220;pit&#8220; _builder_version=&#8220;4.21.2&#8243; background_image=&#8220;https:\/\/pit-kl.de\/wp-content\/uploads\/2023\/08\/SecondSectionBg.jpg&#8220; global_colors_info=&#8220;{}&#8220;][et_pb_row column_structure=&#8220;1_2,1_2&#8243; _builder_version=&#8220;4.21.2&#8243; _module_preset=&#8220;default&#8220; global_colors_info=&#8220;{}&#8220;][et_pb_column type=&#8220;1_2&#8243; module_class=&#8220;LandingCard&#8220; _builder_version=&#8220;4.21.2&#8243; _module_preset=&#8220;default&#8220; background_color=&#8220;#716081&#8243; global_colors_info=&#8220;{}&#8220;][et_pb_image src=&#8220;https:\/\/pit-kl.de\/wp-content\/uploads\/2023\/10\/Bild_L.2.a-1.jpg&#8220; title_text=&#8220;Bild_L.2.a&#8220; _builder_version=&#8220;4.21.2&#8243; _module_preset=&#8220;default&#8220; custom_margin=&#8220;40px||||false|false&#8220; global_colors_info=&#8220;{}&#8220;][\/et_pb_image][et_pb_image src=&#8220;https:\/\/pit-kl.de\/wp-content\/uploads\/2023\/08\/cropped-LogoSmallWP-2-1.png&#8220; title_text=&#8220;cropped-LogoSmallWP-2-1.png&#8220; align=&#8220;right&#8220; disabled_on=&#8220;off|off|off&#8220; _builder_version=&#8220;4.21.2&#8243; _module_preset=&#8220;default&#8220; z_index=&#8220;1&#8243; max_width=&#8220;41%&#8220; max_width_tablet=&#8220;28%&#8220; max_width_phone=&#8220;28%&#8220; max_width_last_edited=&#8220;on|desktop&#8220; custom_margin=&#8220;-141px|-34px|||false|false&#8220; custom_margin_tablet=&#8220;-87px|-34px|||false|false&#8220; custom_margin_phone=&#8220;-87px|-34px|||false|false&#8220; custom_margin_last_edited=&#8220;on|phone&#8220; custom_padding=&#8220;||||false|false&#8220; global_colors_info=&#8220;{}&#8220;][\/et_pb_image][\/et_pb_column][et_pb_column type=&#8220;1_2&#8243; module_class=&#8220;LandingCard&#8220; _builder_version=&#8220;4.21.2&#8243; _module_preset=&#8220;default&#8220; background_color=&#8220;#716081&#8243; global_colors_info=&#8220;{}&#8220;][et_pb_text _builder_version=&#8220;4.21.2&#8243; _module_preset=&#8220;default&#8220; text_text_color=&#8220;#FFFFFF&#8220; global_colors_info=&#8220;{}&#8220;]<\/p>\n<h2 style=\"text-align: left;\">P:IT<\/h2>\n<p style=\"font-weight: 400;\">P:IT, P:IT, Hurra!<\/p>\n<p style=\"font-weight: 400;\">Aber was ist das P:IT \u00fcberhaupt?<\/p>\n<p style=\"font-weight: 400;\">Im Rahmen des Planer:innentreffen kommen jedes Semester ca. 150 Studierende der Stadt- und Regionalplanung aus dem deutschsprachigen Raum (DACH) zusammen.<\/p>\n<p style=\"font-weight: 400;\">Das P:IT findet rotierend jedes Semester an einer anderen Hochschule statt, die das Treffen organisiert und ein fachbezogenes Motto festlegt. Dieses Jahr ist Gastgeberin die Fachschaft Raum- &amp; Umweltplanung der RPTU Kaiserslautern-Landau.<\/p>\n<p style=\"font-weight: 400;\">Ziel und Aufgabe des P:IT ist es den fachlichen und hochschul\u00fcbergreifenden Austausch zu f\u00f6rdern und die Weiterbildung relevanter Themen und die Vernetzung unter den Studierenden zu erm\u00f6glichen.<\/p>\n<p style=\"font-weight: 400;\">Kern des P:IT ist der Beirat der Fachschaften f\u00fcr Stadt- und Raumplanung (bfsr), dessen gemeinsame Konferenz einen wichtigen Programmpunkt bildet. Der Beirat vertritt die Fachschaften der Planungsstudieng\u00e4nge international, f\u00f6rdert den hochschulpolitischen Austausch und organisiert eine \u00fcber\u00f6rtliche Vernetzung.<\/p>\n<p style=\"font-weight: 400;\">Die Teilnehmerinnen sind die jeweiligen Fachschaften der TU Berlin, BTU Cottbus-Senftenberg, TU Dortmund, FH Erfurt, HCU Hamburg, RPTU Kaiserslautern-Landau, Uni Kassel, TH L\u00fcbeck, Ostschweizer FH Rapperswil, Bauhaus-Universit\u00e4t Weimar, TU Wien.<\/p>\n<p>[\/et_pb_text][\/et_pb_column][\/et_pb_row][\/et_pb_section][et_pb_section fb_built=&#8220;1&#8243; admin_label=&#8220;section&#8220; module_id=&#8220;bfsr&#8220; _builder_version=&#8220;4.21.2&#8243; background_image=&#8220;https:\/\/pit-kl.de\/wp-content\/uploads\/2023\/08\/ThirdSectionBG.jpg&#8220; global_colors_info=&#8220;{}&#8220;][et_pb_row column_structure=&#8220;1_2,1_2&#8243; _builder_version=&#8220;4.21.2&#8243; _module_preset=&#8220;default&#8220; background_enable_image=&#8220;off&#8220; global_colors_info=&#8220;{}&#8220; custom_css_main_element_last_edited=&#8220;on|desktop&#8220; custom_css_main_element_tablet=&#8220;display: flex;||flex-direction: column-reverse;&#8220; custom_css_main_element_phone=&#8220;display: flex;||flex-direction: column-reverse;&#8220;][et_pb_column type=&#8220;1_2&#8243; module_class=&#8220;LandingCard&#8220; _builder_version=&#8220;4.21.2&#8243; _module_preset=&#8220;default&#8220; background_color=&#8220;RGBA(255,255,255,0)&#8220; global_colors_info=&#8220;{}&#8220;][et_pb_text _builder_version=&#8220;4.21.2&#8243; _module_preset=&#8220;default&#8220; text_text_color=&#8220;#716081&#8243; global_colors_info=&#8220;{}&#8220;]<\/p>\n<h2 style=\"text-align: left;\">BFSR<\/h2>\n<p style=\"font-weight: 400;\">Der Beirat der Fachschaften f\u00fcr Stadt- und Raumplanung (bfsr) vertritt die Studierendenschaft der deutschsprachigen Vollstudieng\u00e4nge der r\u00e4umlichen Planung. Der bfsr wird j\u00e4hrlich gem\u00e4\u00df Satzung auf der Konferenz der Fachschaften f\u00fcr Stadt und Raum, die Bestandteil eines jeden Planer:innentreffens ist, von den an der Konferenz teilnehmenden Fachschaften gew\u00e4hlt. Der Aufgabenbereich des bfsr umfasst insbesondere die Mitarbeit und das Stimmrecht in \u00fcber\u00f6rtlichen hochschulpolitischen oder fachbezogenen Organisationen (wie z.B. dem Studentischen Akkreditierungspool), die hochschulpolitische Vertretung gegen\u00fcber der Hochschulen und der Politik, die Interessenvertretung in den Berufsverb\u00e4nden, die Unterst\u00fctzung der Organisationskommitees der einzelnen Planer:innentreffen sowie die hochschulpolitische Ausrichtung derselben sowie die Mitarbeit am Hochschultag der nationalen Stadtentwicklungspolitik und weitere Aufgaben.<\/p>\n<p style=\"font-weight: 400;\">Im Beirat sind gegenw\u00e4rtig die Fachschaften der folgenden deutschsprachigen Planungsschulen organisiert: TU Berlin, BTU Cottbus-Senftenberg, TU Dortmund, FH Erfurt, HCU Hamburg, RPTU Kaiserslautern-Landau, Uni Kassel, TH L\u00fcbeck, HfWU N\u00fcrtingen-Geislingen, Ostschweizer Fachhochschule Rapperswil Bauhaus-Universit\u00e4t Weimar, TU Wien.<\/p>\n<p>[\/et_pb_text][\/et_pb_column][et_pb_column type=&#8220;1_2&#8243; module_class=&#8220;LandingCard&#8220; _builder_version=&#8220;4.21.2&#8243; _module_preset=&#8220;default&#8220; background_color=&#8220;RGBA(255,255,255,0)&#8220; global_colors_info=&#8220;{}&#8220;][et_pb_image src=&#8220;https:\/\/pit-kl.de\/wp-content\/uploads\/2023\/10\/L.3.a.jpg&#8220; title_text=&#8220;L.3.a&#8220; _builder_version=&#8220;4.21.2&#8243; _module_preset=&#8220;default&#8220; custom_margin=&#8220;0px||||false|false&#8220; global_colors_info=&#8220;{}&#8220;][\/et_pb_image][et_pb_image src=&#8220;https:\/\/pit-kl.de\/wp-content\/uploads\/2023\/08\/bfsr-logo_hintergrund_durchsichtig-300&#215;300-1.png&#8220; title_text=&#8220;bfsr-logo_hintergrund_durchsichtig-300&#215;300&#8243; align=&#8220;center&#8220; disabled_on=&#8220;off|off|off&#8220; _builder_version=&#8220;4.21.2&#8243; _module_preset=&#8220;default&#8220; background_image=&#8220;https:\/\/pit-kl.de\/wp-content\/uploads\/2023\/10\/Logo-L.3.b.png&#8220; z_index=&#8220;2&#8243; max_width=&#8220;45%&#8220; max_width_tablet=&#8220;28%&#8220; max_width_phone=&#8220;40%&#8220; max_width_last_edited=&#8220;on|desktop&#8220; custom_margin=&#8220;-168px|||-73px|false|false&#8220; custom_margin_tablet=&#8220;-168px|||-73px|false|false&#8220; custom_margin_phone=&#8220;-106px||-44px|-32px|false|false&#8220; custom_margin_last_edited=&#8220;on|phone&#8220; custom_padding=&#8220;0px||||false|false&#8220; global_colors_info=&#8220;{}&#8220;][\/et_pb_image][\/et_pb_column][\/et_pb_row][\/et_pb_section]<\/p>\n","protected":false},"excerpt":{"rendered":"<p>P:IT &amp; BFSRErgebnisseAwarenessP:IT P:IT, P:IT, Hurra! Aber was ist das P:IT \u00fcberhaupt? Im Rahmen des Planer:innentreffen kommen jedes Semester ca. 150 Studierende der Stadt- und Regionalplanung aus dem deutschsprachigen Raum (DACH) zusammen. Das P:IT findet rotierend jedes Semester an einer anderen Hochschule statt, die das Treffen organisiert und ein fachbezogenes Motto festlegt. Dieses Jahr ist [&hellip;]<\/p>\n","protected":false},"author":1,"featured_media":0,"parent":0,"menu_order":0,"comment_status":"closed","ping_status":"open","template":"","meta":{"_et_pb_use_builder":"on","_et_pb_old_content":"<!-- wp:paragraph -->\n<p>Dies ist eine Beispiel-Seite. Sie unterscheidet sich von Beitr\u00e4gen, da sie stets an derselben Stelle bleibt und (bei den meisten Themes) in der Website-Navigation angezeigt wird. Die meisten starten mit einem Impressum, der Datenschutzerkl\u00e4rung oder einer \u201e\u00dcber&nbsp;uns\u201c-Seite, um sich potenziellen Besuchern der Website vorzustellen. Dort k\u00f6nnte zum Beispiel stehen:<\/p>\n<!-- \/wp:paragraph -->\n\n<!-- wp:quote -->\n<blockquote class=\"wp-block-quote\"><!-- wp:paragraph -->\n<p>Hallo! Tags\u00fcber arbeite ich als Fahrradkurier, nachts bin ich ein aufstrebender Schauspieler und dies hier ist meine Website. Ich lebe in Berlin, habe einen gro\u00dfen Hund namens Jack, mag Pi\u00f1a Coladas, jedoch weniger (ohne Schirm) im Regen stehen gelassen zu werden.<\/p>\n<!-- \/wp:paragraph --><\/blockquote>\n<!-- \/wp:quote -->\n\n<!-- wp:paragraph -->\n<p>...&nbsp;oder so etwas wie:<\/p>\n<!-- \/wp:paragraph -->\n\n<!-- wp:quote -->\n<blockquote class=\"wp-block-quote\"><!-- wp:paragraph -->\n<p>Das Unternehmen XYZ wurde 1971 gegr\u00fcndet und versorgt die \u00d6ffentlichkeit seither mit qualitativ hochwertigen Produkten. An seinem Standort in einer kleinen Gro\u00dfstadt besch\u00e4ftigt der Betrieb \u00fcber 2.000 Menschen und unterst\u00fctzt die Stadtbewohner in vielfacher Hinsicht.<\/p>\n<!-- \/wp:paragraph --><\/blockquote>\n<!-- \/wp:quote -->\n\n<!-- wp:paragraph -->\n<p>Als neuer WordPress-Benutzer solltest du <a href=\"http:\/\/192.168.0.135\/wp-admin\/\">dein Dashboard<\/a> aufrufen, um diese Seite zu l\u00f6schen und neue Seiten und Beitr\u00e4ge f\u00fcr deine Website erstellen. Viel Spa\u00df!<\/p>\n<!-- \/wp:paragraph -->","_et_gb_content_width":"","footnotes":""},"class_list":["post-2","page","type-page","status-publish","hentry"],"_links":{"self":[{"href":"https:\/\/pit-kl.de\/index.php\/wp-json\/wp\/v2\/pages\/2","targetHints":{"allow":["GET"]}}],"collection":[{"href":"https:\/\/pit-kl.de\/index.php\/wp-json\/wp\/v2\/pages"}],"about":[{"href":"https:\/\/pit-kl.de\/index.php\/wp-json\/wp\/v2\/types\/page"}],"author":[{"embeddable":true,"href":"https:\/\/pit-kl.de\/index.php\/wp-json\/wp\/v2\/users\/1"}],"replies":[{"embeddable":true,"href":"https:\/\/pit-kl.de\/index.php\/wp-json\/wp\/v2\/comments?post=2"}],"version-history":[{"count":64,"href":"https:\/\/pit-kl.de\/index.php\/wp-json\/wp\/v2\/pages\/2\/revisions"}],"predecessor-version":[{"id":1148,"href":"https:\/\/pit-kl.de\/index.php\/wp-json\/wp\/v2\/pages\/2\/revisions\/1148"}],"wp:attachment":[{"href":"https:\/\/pit-kl.de\/index.php\/wp-json\/wp\/v2\/media?parent=2"}],"curies":[{"name":"wp","href":"https:\/\/api.w.org\/{rel}","templated":true}]}}