{"id":44,"date":"2023-08-09T15:01:46","date_gmt":"2023-08-09T13:01:46","guid":{"rendered":"http:\/\/192.168.0.135\/?page_id=44"},"modified":"2023-10-07T16:28:32","modified_gmt":"2023-10-07T14:28:32","slug":"hinweise","status":"publish","type":"page","link":"https:\/\/pit-kl.de\/index.php\/hinweise\/","title":{"rendered":"Hinweise"},"content":{"rendered":"<p>[et_pb_section fb_built=&#8220;1&#8243; _builder_version=&#8220;4.21.2&#8243; _module_preset=&#8220;default&#8220; background_color=&#8220;#DE9043&#8243; custom_margin=&#8220;0px||0px||true|false&#8220; custom_padding=&#8220;0px||0px||true|false&#8220; border_radii=&#8220;off|||15px|15px&#8220; global_colors_info=&#8220;{}&#8220;][et_pb_row _builder_version=&#8220;4.21.2&#8243; _module_preset=&#8220;default&#8220; background_color=&#8220;RGBA(255,255,255,0)&#8220; background_enable_image=&#8220;off&#8220; custom_margin=&#8220;0px||0px||true|false&#8220; custom_padding=&#8220;0px||0px||true|false&#8220; border_radii=&#8220;off|||35px|35px&#8220; global_colors_info=&#8220;{}&#8220;][et_pb_column type=&#8220;4_4&#8243; _builder_version=&#8220;4.21.2&#8243; _module_preset=&#8220;default&#8220; global_colors_info=&#8220;{}&#8220;][et_pb_text _builder_version=&#8220;4.21.2&#8243; _module_preset=&#8220;default&#8220; header_text_align=&#8220;left&#8220; header_text_color=&#8220;#FFFFFF&#8220; custom_margin=&#8220;||||false|false&#8220; custom_padding=&#8220;180px||25px||false|false&#8220; custom_padding_tablet=&#8220;250px||||false|false&#8220; custom_padding_phone=&#8220;170px||25px||false|false&#8220; custom_padding_last_edited=&#8220;on|tablet&#8220; header_text_align_tablet=&#8220;left&#8220; header_text_align_phone=&#8220;center&#8220; header_text_align_last_edited=&#8220;on|phone&#8220; header_font_size_tablet=&#8220;61px&#8220; header_font_size_phone=&#8220;50px&#8220; header_font_size_last_edited=&#8220;on|tablet&#8220; global_colors_info=&#8220;{}&#8220;]<\/p>\n<h1>Hinweise<\/h1>\n<p>[\/et_pb_text][\/et_pb_column][\/et_pb_row][\/et_pb_section][et_pb_section fb_built=&#8220;1&#8243; _builder_version=&#8220;4.21.2&#8243; _module_preset=&#8220;default&#8220; background_image=&#8220;https:\/\/pit-kl.de\/wp-content\/uploads\/2023\/08\/FirstSectionBg-1.jpg&#8220; custom_margin=&#8220;0px||0px||true|false&#8220; custom_padding=&#8220;0px||0px||true|false&#8220; global_colors_info=&#8220;{}&#8220;][et_pb_row admin_label=&#8220;Zeile&#8220; _builder_version=&#8220;4.21.2&#8243; _module_preset=&#8220;default&#8220; custom_margin=&#8220;||||false|false&#8220; custom_margin_tablet=&#8220;18px||||false|false&#8220; custom_margin_phone=&#8220;0px|auto||auto|false|false&#8220; custom_margin_last_edited=&#8220;on|tablet&#8220; global_colors_info=&#8220;{}&#8220;][et_pb_column type=&#8220;4_4&#8243; _builder_version=&#8220;4.21.2&#8243; _module_preset=&#8220;default&#8220; global_colors_info=&#8220;{}&#8220;][et_pb_text admin_label=&#8220;Text&#8220; _builder_version=&#8220;4.21.2&#8243; _module_preset=&#8220;default&#8220; text_font=&#8220;||||||||&#8220; header_font_size=&#8220;40px&#8220; header_line_height=&#8220;1.3em&#8220; header_2_font_size=&#8220;36px&#8220; header_2_line_height=&#8220;1.4em&#8220; global_colors_info=&#8220;{}&#8220;]<\/p>\n<h2>Nachhaltigkeitskonzept P:IT 2023 Kaiserslautern<\/h2>\n<p style=\"font-weight: 400;\">Platz Da!? f\u00fcr das Nachhaltigkeitskonzept? Das Nachhaltigkeitskonzept f\u00fcr das P:IT 2023 in Kaiserslautern basiert auf den vier S\u00e4ulen der Nachhaltigkeit: der menschlichen, sozialen, wirtschaftlichen und \u00f6kologischen Nachhaltigkeit. Basierend auf diesen vier S\u00e4ulen gibt das Konzept Hinweise und Anregungen zur Umsetzung von Ma\u00dfnahmen in 12 verschiedene Bereichen, die w\u00e4hrend der Planung sowie der Durchf\u00fchrung des P:ITs beachtet werden sollen. Hier ein kleiner \u00dcberblick \u00fcber die Themenbereiche und worauf bei ihnen besonders zu achten ist. Ein wichtiger Themenbereich mit dem sich das Nachhaltigkeitskonzept befasst, ist die Mobilit\u00e4t. Hier ist es besonders wichtig, auf den MIV zu verzichten und auf klimaneutrale bzw. klimafreundliche Fortbewegungsmittel, wie Bus, Bahn, Fahrrad oder die F\u00fc\u00dfe, zur\u00fcck zu greifen, um den CO2-Aussto\u00df m\u00f6glichst gering zu halten. So ist es zudem wichtig, die Wege zwischen den Veranstaltungsorten und der Unterkunft kurz zu halten. Im besten Falle, sollten diese fu\u00dfl\u00e4ufig sein. Im Bereich Energie\/Klima werden Ma\u00dfnahmen vorgeschlagen, die dazu beitragen Strom zu sparen und somit den Aussto\u00df von Emissionen verhindern. Bei der Beschaffung von Produkten, sollte sich vor der Anschaffung Gedanken gemacht werden, ob dieses Produkt f\u00fcr die Umsetzung des P:ITs wirklich von Bedeutung ist und falls ja, so sollte auf Leihgaben oder einen nachhaltigen Anbieter zur\u00fcck gegriffen werden. Auch das Thema Merchandise und die beliebten Werbegeschenke werden im Konzept ber\u00fccksichtigt. So sollen P:IT spezifische Produkte nur in ben\u00f6tigter Zahl bestellt werden, da diese f\u00fcr andere Veranstaltungen nicht zu gebrauchen sind. Au\u00dferdem ist auf die Langlebigkeit und nachhaltige Herstellung der Produkte zu achten. Beim Catering sollten bevorzugt regionale Produkte verwendet werden, sowie der Verzicht von tierischen Produkten. Ein einfaches Beispiel: statt eingeflogene Bananen sollte lieber auf \u00c4pfel von regionalen Bauern zur\u00fcckgegriffen werden. Beim Abfallmanagement ist es wichtig so wenig M\u00fcll wie m\u00f6glich zu produzieren, und diesen zu trennen und zu recyclen. Bei Kontenpunkten muss besonders darauf geachtet werden, dass kein M\u00fcll liegen gelassen wird. Da Wasser ein kostbares Gut ist, ist es auch in diesem Bereich wichtig, sparsam zu sein und sorgf\u00e4ltig darauf zu achten, welche Stoffe im Abwasser landen. Weitere Themenfelder die durch das Nachhaltigkeitskonzept behandelt werden sind, die Themen Organisation, Kommunikation und Evaluation, die Barrierefreiheit, die Soziale Nachhaltigkeit sowie das Thema Gender Mainstreaming. \u00dcberdiese, sowie \u00fcber die oben beschriebenen Themenfelder k\u00f6nnt Ihr noch mehr in unserem Nachhaltigkeitskonzept auf der Website nachlesen. H\u00e4ufig sind viele der Ma\u00dfnahmen Themen\u00fcbergreifend weshalb es wichtig ist, in allen Entscheidungen auf Nachhaltigkeit zu achten. So gibt sich das Konzept M\u00fche, in den verschiedenen Themenbereichen wichtige Handlungsempfehlungen zu geben.<\/p>\n<p>[\/et_pb_text][et_pb_text admin_label=&#8220;Text&#8220; _builder_version=&#8220;4.21.2&#8243; _module_preset=&#8220;default&#8220; text_font=&#8220;||||||||&#8220; header_font_size=&#8220;40px&#8220; header_line_height=&#8220;1.3em&#8220; header_2_font_size=&#8220;36px&#8220; header_2_line_height=&#8220;1.4em&#8220; global_colors_info=&#8220;{}&#8220;]<\/p>\n<h2>Unterkunft<\/h2>\n<p style=\"font-weight: 400;\">Bitte behandelt die Turnhalle, wie euer eigenes Zuhause &#8211; sauber und ordentlich. Zutritt werdet ihr rund um die Uhr haben. Der Eingang wird von uns durchg\u00e4ngig besetzt sein.<br \/>Duschen k\u00f6nnt ihr jederzeit in der Unterkunft. Es gilt das gleiche wie in eurer Dusche, also hinterlasst diese bitte sauber. Duschen sowie Toiletten werden t\u00e4glich von uns gereinigt.<\/p>\n<p>[\/et_pb_text][et_pb_text admin_label=&#8220;Text&#8220; _builder_version=&#8220;4.21.2&#8243; _module_preset=&#8220;default&#8220; text_font=&#8220;||||||||&#8220; header_font_size=&#8220;40px&#8220; header_line_height=&#8220;1.3em&#8220; header_2_font_size=&#8220;36px&#8220; header_2_line_height=&#8220;1.4em&#8220; global_colors_info=&#8220;{}&#8220;]<\/p>\n<h2>Feuer<\/h2>\n<div>\n<p style=\"font-weight: 400;\">Wir gehen einfach mal davon aus, dass jeder Hochschulstandort mit \u00e4hnlichen Brandschutzbestimmungen zu tun hat wie wir und deshalb wei\u00df, dass Feuer in Geb\u00e4uden\u00a0uncool ist. Zus\u00e4tzlich dazu, dass Feuer ein No-Go in\u00a0jeglichen unserer R\u00e4umlichkeiten ist, m\u00fcssen wir darauf hinweisen, dass eure Unterkunft \u00fcber wahnsinnig sensible Rauchmelder verf\u00fcgt. Also weder mit Feuer spielen, noch rauchen, noch Staub aufwirbeln.<\/p>\n<\/div>\n<div><\/div>\n<p>[\/et_pb_text][et_pb_text admin_label=&#8220;Text&#8220; _builder_version=&#8220;4.21.2&#8243; _module_preset=&#8220;default&#8220; text_font=&#8220;||||||||&#8220; header_font_size=&#8220;40px&#8220; header_line_height=&#8220;1.3em&#8220; header_2_font_size=&#8220;36px&#8220; header_2_line_height=&#8220;1.4em&#8220; global_colors_info=&#8220;{}&#8220;]<\/p>\n<h2>Partys<\/h2>\n<p style=\"font-weight: 400;\">Feiern macht Spa\u00df! Kenn dein Limit. Mach nichts kaputt. Sei kein Arsch und hab viel Spa\u00df!<\/p>\n<p>[\/et_pb_text][et_pb_text admin_label=&#8220;Text&#8220; _builder_version=&#8220;4.21.2&#8243; _module_preset=&#8220;default&#8220; text_font=&#8220;||||||||&#8220; header_font_size=&#8220;40px&#8220; header_line_height=&#8220;1.3em&#8220; header_2_font_size=&#8220;36px&#8220; header_2_line_height=&#8220;1.4em&#8220; global_colors_info=&#8220;{}&#8220;]<\/p>\n<h2>M\u00fcll<\/h2>\n<p style=\"font-weight: 400;\">M\u00fcll ist doof! Das wei\u00df doch jede:r. Schmei\u00dft eure Verpackungen und Zigarettenstummel in den M\u00fcll und versucht generell wenig Abfall zu erzeugen. Wichtiger Hinweis: Wie auch andere Institutionen,\u00a0bedanken wir uns bei euch, wenn ihr kein Konfetti oder sonstiges verschie\u00dft. Ihr wisst ja, jede Sekunde im Konfettiregen steht einem einst\u00fcndigen Bodenwischen gegen\u00fcber.<\/p>\n<p>[\/et_pb_text][et_pb_text admin_label=&#8220;Text&#8220; _builder_version=&#8220;4.21.2&#8243; _module_preset=&#8220;default&#8220; text_font=&#8220;||||||||&#8220; header_font_size=&#8220;40px&#8220; header_line_height=&#8220;1.3em&#8220; header_2_font_size=&#8220;36px&#8220; header_2_line_height=&#8220;1.4em&#8220; global_colors_info=&#8220;{}&#8220;]<\/p>\n<h2>Fotos<\/h2>\n<p style=\"font-weight: 400;\">Die komplette Veranstaltung wird von uns dokumentiert. Diese Fotos werden wir im Rahmen unserer \u00d6ffentlichkeitsarbeit verwenden. Nat\u00fcrlich gilt wie immer \u201esharing is caring\u201c. Also bekommt ihr auch den Zugang zu den entstandenen Bildern. Bitte sag Bescheid, falls du nicht fotografiert werden m\u00f6chtest. Hab genauso Verst\u00e4ndnis daf\u00fcr, wenn andere nicht fotografiert werden m\u00f6chten.<\/p>\n<p>[\/et_pb_text][et_pb_button button_url=&#8220;https:\/\/pit-kl.de\/wp-content\/uploads\/2023\/10\/Nachhaltigkeitskonzept-P-IT-2023-KL-Platz-da-1.2.pdf&#8220; url_new_window=&#8220;on&#8220; button_text=&#8220;PDF herunterladen &#8220; button_alignment=&#8220;center&#8220; _builder_version=&#8220;4.21.2&#8243; _module_preset=&#8220;default&#8220; custom_button=&#8220;on&#8220; button_text_color=&#8220;#FFFFFF&#8220; button_bg_color=&#8220;#DE9043&#8243; button_border_radius=&#8220;11px&#8220; global_colors_info=&#8220;{}&#8220;][\/et_pb_button][\/et_pb_column][\/et_pb_row][\/et_pb_section]<\/p>\n","protected":false},"excerpt":{"rendered":"<p>HinweiseNachhaltigkeitskonzept P:IT 2023 Kaiserslautern Platz Da!? f\u00fcr das Nachhaltigkeitskonzept? Das Nachhaltigkeitskonzept f\u00fcr das P:IT 2023 in Kaiserslautern basiert auf den vier S\u00e4ulen der Nachhaltigkeit: der menschlichen, sozialen, wirtschaftlichen und \u00f6kologischen Nachhaltigkeit. Basierend auf diesen vier S\u00e4ulen gibt das Konzept Hinweise und Anregungen zur Umsetzung von Ma\u00dfnahmen in 12 verschiedene Bereichen, die w\u00e4hrend der Planung sowie [&hellip;]<\/p>\n","protected":false},"author":1,"featured_media":0,"parent":0,"menu_order":0,"comment_status":"closed","ping_status":"closed","template":"","meta":{"_et_pb_use_builder":"on","_et_pb_old_content":"","_et_gb_content_width":"","footnotes":""},"class_list":["post-44","page","type-page","status-publish","hentry"],"_links":{"self":[{"href":"https:\/\/pit-kl.de\/index.php\/wp-json\/wp\/v2\/pages\/44","targetHints":{"allow":["GET"]}}],"collection":[{"href":"https:\/\/pit-kl.de\/index.php\/wp-json\/wp\/v2\/pages"}],"about":[{"href":"https:\/\/pit-kl.de\/index.php\/wp-json\/wp\/v2\/types\/page"}],"author":[{"embeddable":true,"href":"https:\/\/pit-kl.de\/index.php\/wp-json\/wp\/v2\/users\/1"}],"replies":[{"embeddable":true,"href":"https:\/\/pit-kl.de\/index.php\/wp-json\/wp\/v2\/comments?post=44"}],"version-history":[{"count":33,"href":"https:\/\/pit-kl.de\/index.php\/wp-json\/wp\/v2\/pages\/44\/revisions"}],"predecessor-version":[{"id":1064,"href":"https:\/\/pit-kl.de\/index.php\/wp-json\/wp\/v2\/pages\/44\/revisions\/1064"}],"wp:attachment":[{"href":"https:\/\/pit-kl.de\/index.php\/wp-json\/wp\/v2\/media?parent=44"}],"curies":[{"name":"wp","href":"https:\/\/api.w.org\/{rel}","templated":true}]}}