{"id":709,"date":"2023-08-18T15:40:46","date_gmt":"2023-08-18T13:40:46","guid":{"rendered":"http:\/\/192.168.0.135\/?page_id=709"},"modified":"2023-10-09T16:50:48","modified_gmt":"2023-10-09T14:50:48","slug":"awareness","status":"publish","type":"page","link":"https:\/\/pit-kl.de\/index.php\/awareness\/","title":{"rendered":"Awareness"},"content":{"rendered":"<p>[et_pb_section fb_built=&#8220;1&#8243; _builder_version=&#8220;4.21.2&#8243; _module_preset=&#8220;default&#8220; background_color=&#8220;RGBA(255,255,255,0)&#8220; background_image=&#8220;https:\/\/pit-kl.de\/wp-content\/uploads\/2023\/08\/HeaderBG-1.jpg&#8220; custom_margin=&#8220;0px||0px||true|false&#8220; custom_padding=&#8220;0px||0px||true|false&#8220; border_radii=&#8220;off|||15px|15px&#8220; global_colors_info=&#8220;{}&#8220;][et_pb_row _builder_version=&#8220;4.21.2&#8243; _module_preset=&#8220;default&#8220; background_color=&#8220;RGBA(255,255,255,0)&#8220; background_enable_image=&#8220;off&#8220; custom_margin=&#8220;0px||0px||true|false&#8220; custom_padding=&#8220;0px||0px||true|false&#8220; border_radii=&#8220;on|0px|0px|0px|0px&#8220; global_colors_info=&#8220;{}&#8220;][et_pb_column type=&#8220;4_4&#8243; _builder_version=&#8220;4.21.2&#8243; _module_preset=&#8220;default&#8220; global_colors_info=&#8220;{}&#8220;][et_pb_text _builder_version=&#8220;4.21.2&#8243; _module_preset=&#8220;default&#8220; header_text_align=&#8220;left&#8220; header_text_color=&#8220;#FFFFFF&#8220; custom_margin=&#8220;||||false|false&#8220; custom_padding=&#8220;180px||25px||false|false&#8220; custom_padding_tablet=&#8220;250px||||false|false&#8220; custom_padding_phone=&#8220;170px||25px||false|false&#8220; custom_padding_last_edited=&#8220;on|tablet&#8220; header_text_align_tablet=&#8220;left&#8220; header_text_align_phone=&#8220;center&#8220; header_text_align_last_edited=&#8220;on|phone&#8220; header_font_size_tablet=&#8220;61px&#8220; header_font_size_phone=&#8220;50px&#8220; header_font_size_last_edited=&#8220;on|tablet&#8220; global_colors_info=&#8220;{}&#8220;]<\/p>\n<h1>Platz f\u00fcr: Awareness!<\/h1>\n<p>[\/et_pb_text][\/et_pb_column][\/et_pb_row][\/et_pb_section][et_pb_section fb_built=&#8220;1&#8243; _builder_version=&#8220;4.21.2&#8243; _module_preset=&#8220;default&#8220; background_image=&#8220;https:\/\/pit-kl.de\/wp-content\/uploads\/2023\/08\/ThirdSectionBG.jpg&#8220; custom_margin=&#8220;0px||0px||true|false&#8220; custom_padding=&#8220;0px||0px||true|false&#8220; global_colors_info=&#8220;{}&#8220;][et_pb_row admin_label=&#8220;Zeile&#8220; _builder_version=&#8220;4.21.2&#8243; _module_preset=&#8220;default&#8220; custom_margin=&#8220;||||false|false&#8220; custom_margin_tablet=&#8220;18px||||false|false&#8220; custom_margin_phone=&#8220;0px|auto||auto|false|false&#8220; custom_margin_last_edited=&#8220;on|tablet&#8220; global_colors_info=&#8220;{}&#8220;][et_pb_column type=&#8220;4_4&#8243; _builder_version=&#8220;4.21.2&#8243; _module_preset=&#8220;default&#8220; global_colors_info=&#8220;{}&#8220;][et_pb_text admin_label=&#8220;Text&#8220; _builder_version=&#8220;4.21.2&#8243; _module_preset=&#8220;default&#8220; text_font=&#8220;||||||||&#8220; header_font_size=&#8220;40px&#8220; header_line_height=&#8220;1.3em&#8220; header_2_font_size=&#8220;36px&#8220; header_2_line_height=&#8220;1.4em&#8220; global_colors_info=&#8220;{}&#8220;]<\/p>\n<p>Wir sind das Awareness-Team des P:ITs Kaiserslautern.<\/p>\n<p>Immer wenn sich viele Menschen versammeln und es zu viel sozialer Interaktion kommt, bietet das einen Raum f\u00fcr:<\/p>\n<ul>\n<li>Rassismus<\/li>\n<li>Stress<\/li>\n<li>Psychische Belastung<\/li>\n<li>Sexismus<\/li>\n<li>\u00dcbergriffe<\/li>\n<li>Unfaire Behandlung<\/li>\n<li>Angstr\u00e4ume oder -momente<\/li>\n<li>Unsicherheiten<\/li>\n<li>Usw.<\/li>\n<\/ul>\n<p>Wir, als Awareness-Team versuchen w\u00e4hrend des P:ITs in genau den Situationen f\u00fcr dich da zu sein in denen du dich unwohl f\u00fchlst, oder mitbekommst, dass sich jemand unwohl f\u00fchlt.<\/p>\n<p>Wir bieten w\u00e4hrend der gesamten Zeit eine Anlaufstelle, wenn du Probleme mitbekommst oder selbst ein Problem hast.<\/p>\n<p>Wir sind 24 Stunden f\u00fcr dich \u00fcber Zwei Telefonnummern erreichbar. Falls du ein Problem hast, dass du nur mit einer weiblichen oder m\u00e4nnlichen Person bereden willst, bieten wir einen weiblich und eine m\u00e4nnlich besetzte Rufnummer an.<\/p>\n<p>W\u00e4hrend der Veranstaltungen sind wir vor Ort f\u00fcr dich und sind erkennbar an unserem Maskottchen, dem Awareness-Alpaka.<\/p>\n<p>Wir haben auch vor Ort diverse Notfallprodukte, wie z.B.<\/p>\n<ul>\n<li>Erste-Hilfe-Sets<\/li>\n<li>Coronatests<\/li>\n<li>Periodenprodukte<\/li>\n<li>Taschent\u00fccher<\/li>\n<li>M\u00fcllt\u00fcten<\/li>\n<li>Desinfektionsspray<\/li>\n<li>Usw.<\/li>\n<\/ul>\n<p>Fragt gerne bei uns nach, wir k\u00f6nnen auch noch weitere Dinge besorgen, wenn wir mal etwas nicht dahaben sollten.<\/p>\n<p>Weiterhin gibt es einen Ruhe-Raum, wenn ihr euch unwohl f\u00fchlt und \u201amal abschalten wollt oder ihr in Ruhe mit jemandem reden wollt.<\/p>\n<p>Weitere Informationen Folgen in unserem Awareness- Konzept und in der Brosch\u00fcre.<\/p>\n<p>Sprich uns gerne an!<\/p>\n<p>Dein Awareness-Team<\/p>\n<p>[\/et_pb_text][et_pb_button button_url=&#8220;https:\/\/pit-kl.de\/wp-content\/uploads\/2023\/10\/Awareness-Konzept.pdf&#8220; url_new_window=&#8220;on&#8220; button_text=&#8220;als PDF herunterladen &#8220; button_alignment=&#8220;center&#8220; _builder_version=&#8220;4.21.2&#8243; _module_preset=&#8220;default&#8220; custom_button=&#8220;on&#8220; button_text_color=&#8220;#FFFFFF&#8220; button_bg_color=&#8220;#DE9043&#8243; button_border_radius=&#8220;11px&#8220; hover_enabled=&#8220;0&#8243; global_colors_info=&#8220;{}&#8220; sticky_enabled=&#8220;0&#8243;][\/et_pb_button][\/et_pb_column][\/et_pb_row][\/et_pb_section]<\/p>\n","protected":false},"excerpt":{"rendered":"<p>Platz f\u00fcr: Awareness!Wir sind das Awareness-Team des P:ITs Kaiserslautern. Immer wenn sich viele Menschen versammeln und es zu viel sozialer Interaktion kommt, bietet das einen Raum f\u00fcr: Rassismus Stress Psychische Belastung Sexismus \u00dcbergriffe Unfaire Behandlung Angstr\u00e4ume oder -momente Unsicherheiten Usw. Wir, als Awareness-Team versuchen w\u00e4hrend des P:ITs in genau den Situationen f\u00fcr dich da zu [&hellip;]<\/p>\n","protected":false},"author":1,"featured_media":0,"parent":0,"menu_order":0,"comment_status":"closed","ping_status":"closed","template":"","meta":{"_et_pb_use_builder":"on","_et_pb_old_content":"","_et_gb_content_width":"","footnotes":""},"class_list":["post-709","page","type-page","status-publish","hentry"],"_links":{"self":[{"href":"https:\/\/pit-kl.de\/index.php\/wp-json\/wp\/v2\/pages\/709","targetHints":{"allow":["GET"]}}],"collection":[{"href":"https:\/\/pit-kl.de\/index.php\/wp-json\/wp\/v2\/pages"}],"about":[{"href":"https:\/\/pit-kl.de\/index.php\/wp-json\/wp\/v2\/types\/page"}],"author":[{"embeddable":true,"href":"https:\/\/pit-kl.de\/index.php\/wp-json\/wp\/v2\/users\/1"}],"replies":[{"embeddable":true,"href":"https:\/\/pit-kl.de\/index.php\/wp-json\/wp\/v2\/comments?post=709"}],"version-history":[{"count":16,"href":"https:\/\/pit-kl.de\/index.php\/wp-json\/wp\/v2\/pages\/709\/revisions"}],"predecessor-version":[{"id":1105,"href":"https:\/\/pit-kl.de\/index.php\/wp-json\/wp\/v2\/pages\/709\/revisions\/1105"}],"wp:attachment":[{"href":"https:\/\/pit-kl.de\/index.php\/wp-json\/wp\/v2\/media?parent=709"}],"curies":[{"name":"wp","href":"https:\/\/api.w.org\/{rel}","templated":true}]}}